{"id":950,"date":"2020-12-09T23:31:06","date_gmt":"2020-12-10T04:31:06","guid":{"rendered":"https:\/\/spec-tech.tv\/?page_id=950"},"modified":"2020-12-17T23:55:57","modified_gmt":"2020-12-18T04:55:57","slug":"mes-evenements","status":"publish","type":"page","link":"https:\/\/testmichel.h3berg.info\/?page_id=950","title":{"rendered":"Mes \u00c9v\u00e9nements"},"content":{"rendered":"\t\t<div data-elementor-type=\"wp-page\" data-elementor-id=\"950\" class=\"elementor elementor-950\" data-elementor-settings=\"[]\">\n\t\t\t\t\t\t<div class=\"elementor-inner\">\n\t\t\t\t\t\t\t<div class=\"elementor-section-wrap\">\n\t\t\t\t\t\t\t<section class=\"elementor-section elementor-top-section elementor-element elementor-element-2fe2a5d elementor-section-height-min-height elementor-section-items-top elementor-section-content-top elementor-section-boxed elementor-section-height-default\" data-id=\"2fe2a5d\" data-element_type=\"section\">\n\t\t\t\t\t\t<div class=\"elementor-container elementor-column-gap-default\">\n\t\t\t\t\t\t\t<div class=\"elementor-row\">\n\t\t\t\t\t<div class=\"elementor-column elementor-col-100 elementor-top-column elementor-element elementor-element-5795c43\" data-id=\"5795c43\" data-element_type=\"column\">\n\t\t\t<div class=\"elementor-column-wrap elementor-element-populated\">\n\t\t\t\t\t\t\t<div class=\"elementor-widget-wrap\">\n\t\t\t\t\t\t<div class=\"elementor-element elementor-element-399306a elementor-position-right elementor-vertical-align-middle elementor-widget elementor-widget-image-box\" data-id=\"399306a\" data-element_type=\"widget\" data-widget_type=\"image-box.default\">\n\t\t\t\t<div class=\"elementor-widget-container\">\n\t\t\t<div class=\"elementor-image-box-wrapper\"><figure class=\"elementor-image-box-img\"><img width=\"200\" height=\"150\" src=\"https:\/\/testmichel.h3berg.info\/wp-content\/uploads\/2020\/12\/events.png\" class=\"attachment-full size-full\" alt=\"\" loading=\"lazy\" srcset=\"https:\/\/testmichel.h3berg.info\/wp-content\/uploads\/2020\/12\/events.png 200w, https:\/\/testmichel.h3berg.info\/wp-content\/uploads\/2020\/12\/events-130x98.png 130w\" sizes=\"(max-width: 200px) 100vw, 200px\" \/><\/figure><div class=\"elementor-image-box-content\"><h3 class=\"elementor-image-box-title\">Mes \u00c9v\u00e9nements<\/h3><p class=\"elementor-image-box-description\">Ici sont regroup\u00e9s les \u00e9v\u00e9nements auquels\u00a0vous avez achet\u00e9s les acc\u00e8s.<\/p><\/div><\/div>\t\t<\/div>\n\t\t\t\t<\/div>\n\t\t\t\t<div class=\"elementor-element elementor-element-f4cf47a elementor-widget elementor-widget-heading\" data-id=\"f4cf47a\" data-element_type=\"widget\" id=\"eventslog\" eventslog=\"\" data-widget_type=\"heading.default\">\n\t\t\t\t<div class=\"elementor-widget-container\">\n\t\t\t<h2 class=\"elementor-heading-title elementor-size-default\">VOUS DEVEZ VOUS CONNECTER AFIN DE VOIR LES \u00c9V\u00c9NEMENTS AUQUELS VOUS AVEZ ACC\u00c8S!!<\/h2>\t\t<\/div>\n\t\t\t\t<\/div>\n\t\t\t\t<div class=\"elementor-element elementor-element-b84d32b elementor-widget-divider--view-line_icon elementor-view-default elementor-widget-divider--element-align-center elementor-widget elementor-widget-divider\" data-id=\"b84d32b\" data-element_type=\"widget\" data-widget_type=\"divider.default\">\n\t\t\t\t<div class=\"elementor-widget-container\">\n\t\t\t\t\t<div class=\"elementor-divider\">\n\t\t\t<span class=\"elementor-divider-separator\">\n\t\t\t\t\t\t\t<div class=\"elementor-icon elementor-divider__element\">\n\t\t\t\t\t<i aria-hidden=\"true\" class=\"far fa-play-circle\"><\/i><\/div>\n\t\t\t\t\t\t<\/span>\n\t\t<\/div>\n\t\t\t\t<\/div>\n\t\t\t\t<\/div>\n\t\t\t\t<div class=\"elementor-element elementor-element-4392147 elementor-widget elementor-widget-text-editor\" data-id=\"4392147\" data-element_type=\"widget\" data-widget_type=\"text-editor.default\">\n\t\t\t\t<div class=\"elementor-widget-container\">\n\t\t\t\t\t\t\t\t<div class=\"elementor-text-editor elementor-clearfix\">\n\t\t\t\t\t\t\t\t\t\t<\/div>\n\t\t\t\t\t\t<\/div>\n\t\t\t\t<\/div>\n\t\t\t\t\t\t<\/div>\n\t\t\t\t\t<\/div>\n\t\t<\/div>\n\t\t\t\t\t\t\t\t<\/div>\n\t\t\t\t\t<\/div>\n\t\t<\/section>\n\t\t\t\t\t\t<\/div>\n\t\t\t\t\t\t<\/div>\n\t\t\t\t\t<\/div>\n\t\t","protected":false},"excerpt":{"rendered":"<p>Mes \u00c9v\u00e9nements Ici sont regroup\u00e9s les \u00e9v\u00e9nements auquels\u00a0vous avez achet\u00e9s les acc\u00e8s. VOUS DEVEZ VOUS CONNECTER AFIN DE VOIR LES \u00c9V\u00c9NEMENTS AUQUELS VOUS AVEZ ACC\u00c8S!!<\/p>\n","protected":false},"author":1,"featured_media":0,"parent":0,"menu_order":0,"comment_status":"closed","ping_status":"closed","template":"elementor_header_footer","meta":{"_monsterinsights_skip_tracking":false,"_monsterinsights_sitenote_active":false,"_monsterinsights_sitenote_note":"","_monsterinsights_sitenote_category":0,"spay_email":""},"yoast_head":"<!-- This site is optimized with the Yoast SEO plugin v16.2 - https:\/\/yoast.com\/wordpress\/plugins\/seo\/ -->\n<title>Mes \u00c9v\u00e9nements ~ Spec-Tech TV<\/title>\n<meta name=\"robots\" content=\"noindex, follow\" \/>\n<meta property=\"og:locale\" content=\"fr_CA\" \/>\n<meta property=\"og:type\" content=\"article\" \/>\n<meta property=\"og:title\" content=\"Mes \u00c9v\u00e9nements ~ Spec-Tech TV\" \/>\n<meta property=\"og:description\" content=\"Mes \u00c9v\u00e9nements Ici sont regroup\u00e9s les \u00e9v\u00e9nements auquels\u00a0vous avez achet\u00e9s les acc\u00e8s. VOUS DEVEZ VOUS CONNECTER AFIN DE VOIR LES \u00c9V\u00c9NEMENTS AUQUELS VOUS AVEZ ACC\u00c8S!!\" \/>\n<meta property=\"og:url\" content=\"https:\/\/testmichel.h3berg.info\/?page_id=950\" \/>\n<meta property=\"og:site_name\" content=\"Spec-Tech TV\" \/>\n<meta property=\"article:modified_time\" content=\"2020-12-18T04:55:57+00:00\" \/>\n<meta property=\"og:image\" content=\"https:\/\/spec-tech.tv\/wp-content\/uploads\/2020\/12\/events.png\" \/>\n<meta name=\"twitter:card\" content=\"summary_large_image\" \/>\n<script type=\"application\/ld+json\" class=\"yoast-schema-graph\">{\"@context\":\"https:\/\/schema.org\",\"@graph\":[{\"@type\":\"Organization\",\"@id\":\"https:\/\/testmichel.h3berg.info\/#organization\",\"name\":\"Spec-Tech TV\",\"url\":\"https:\/\/testmichel.h3berg.info\/\",\"sameAs\":[],\"logo\":{\"@type\":\"ImageObject\",\"@id\":\"https:\/\/testmichel.h3berg.info\/#logo\",\"inLanguage\":\"fr-CA\",\"url\":\"https:\/\/spec-tech.tv\/wp-content\/uploads\/2020\/11\/LogoBig.png\",\"contentUrl\":\"https:\/\/spec-tech.tv\/wp-content\/uploads\/2020\/11\/LogoBig.png\",\"width\":700,\"height\":122,\"caption\":\"Spec-Tech TV\"},\"image\":{\"@id\":\"https:\/\/testmichel.h3berg.info\/#logo\"}},{\"@type\":\"WebSite\",\"@id\":\"https:\/\/testmichel.h3berg.info\/#website\",\"url\":\"https:\/\/testmichel.h3berg.info\/\",\"name\":\"Spec-Tech TV\",\"description\":\"Les Arts Vivants, Partout, Chez Vous...\",\"publisher\":{\"@id\":\"https:\/\/testmichel.h3berg.info\/#organization\"},\"potentialAction\":[{\"@type\":\"SearchAction\",\"target\":\"https:\/\/testmichel.h3berg.info\/?s={search_term_string}\",\"query-input\":\"required name=search_term_string\"}],\"inLanguage\":\"fr-CA\"},{\"@type\":\"ImageObject\",\"@id\":\"https:\/\/testmichel.h3berg.info\/?page_id=950#primaryimage\",\"inLanguage\":\"fr-CA\",\"url\":\"https:\/\/spec-tech.tv\/wp-content\/uploads\/2020\/12\/events.png\",\"contentUrl\":\"https:\/\/spec-tech.tv\/wp-content\/uploads\/2020\/12\/events.png\"},{\"@type\":\"WebPage\",\"@id\":\"https:\/\/testmichel.h3berg.info\/?page_id=950#webpage\",\"url\":\"https:\/\/testmichel.h3berg.info\/?page_id=950\",\"name\":\"Mes \\u00c9v\\u00e9nements ~ Spec-Tech TV\",\"isPartOf\":{\"@id\":\"https:\/\/testmichel.h3berg.info\/#website\"},\"primaryImageOfPage\":{\"@id\":\"https:\/\/testmichel.h3berg.info\/?page_id=950#primaryimage\"},\"datePublished\":\"2020-12-10T04:31:06+00:00\",\"dateModified\":\"2020-12-18T04:55:57+00:00\",\"breadcrumb\":{\"@id\":\"https:\/\/testmichel.h3berg.info\/?page_id=950#breadcrumb\"},\"inLanguage\":\"fr-CA\",\"potentialAction\":[{\"@type\":\"ReadAction\",\"target\":[\"https:\/\/testmichel.h3berg.info\/?page_id=950\"]}]},{\"@type\":\"BreadcrumbList\",\"@id\":\"https:\/\/testmichel.h3berg.info\/?page_id=950#breadcrumb\",\"itemListElement\":[{\"@type\":\"ListItem\",\"position\":1,\"item\":{\"@type\":\"WebPage\",\"@id\":\"https:\/\/testmichel.h3berg.info\/\",\"url\":\"https:\/\/testmichel.h3berg.info\/\",\"name\":\"Accueil\"}},{\"@type\":\"ListItem\",\"position\":2,\"item\":{\"@id\":\"https:\/\/testmichel.h3berg.info\/?page_id=950#webpage\"}}]}]}<\/script>\n<!-- \/ Yoast SEO plugin. -->","_links":{"self":[{"href":"https:\/\/testmichel.h3berg.info\/index.php?rest_route=\/wp\/v2\/pages\/950"}],"collection":[{"href":"https:\/\/testmichel.h3berg.info\/index.php?rest_route=\/wp\/v2\/pages"}],"about":[{"href":"https:\/\/testmichel.h3berg.info\/index.php?rest_route=\/wp\/v2\/types\/page"}],"author":[{"embeddable":true,"href":"https:\/\/testmichel.h3berg.info\/index.php?rest_route=\/wp\/v2\/users\/1"}],"replies":[{"embeddable":true,"href":"https:\/\/testmichel.h3berg.info\/index.php?rest_route=%2Fwp%2Fv2%2Fcomments&post=950"}],"version-history":[{"count":0,"href":"https:\/\/testmichel.h3berg.info\/index.php?rest_route=\/wp\/v2\/pages\/950\/revisions"}],"wp:attachment":[{"href":"https:\/\/testmichel.h3berg.info\/index.php?rest_route=%2Fwp%2Fv2%2Fmedia&parent=950"}],"curies":[{"name":"wp","href":"https:\/\/api.w.org\/{rel}","templated":true}]}}