{"id":3139,"date":"2021-05-04T13:09:20","date_gmt":"2021-05-04T17:09:20","guid":{"rendered":"https:\/\/spec-tech.tv\/?post_type=product&#038;p=3139"},"modified":"2021-05-05T12:09:33","modified_gmt":"2021-05-05T16:09:33","slug":"ecole-formation-danse","status":"publish","type":"product","link":"https:\/\/testmichel.h3berg.info\/?product=ecole-formation-danse","title":{"rendered":"\u00c9cole Formation Danse"},"content":{"rendered":"<p>L\u2019\u00c9cole Formation Danse vous offre un spectacle regroupant des chor\u00e9graphies apprises tout au long de l\u2019ann\u00e9e. Jazz urbain, hip-hop, ballet, danse cr\u00e9ative, contemporain et breakdance sont \u00e0 l\u2019honneur.<\/p>\n","protected":false},"excerpt":{"rendered":"<p>L\u2019\u00c9cole Formation Danse vous offre un spectacle regroupant des chor\u00e9graphies apprises tout au long de l\u2019ann\u00e9e. Jazz urbain, hip-hop, ballet, danse cr\u00e9ative, contemporain et breakdance sont \u00e0 l\u2019honneur.<\/p>\n","protected":false},"featured_media":3140,"template":"","meta":{"_monsterinsights_skip_tracking":false,"_monsterinsights_sitenote_active":false,"_monsterinsights_sitenote_note":"","_monsterinsights_sitenote_category":0,"spay_email":""},"yoast_head":"<!-- This site is optimized with the Yoast SEO plugin v16.2 - https:\/\/yoast.com\/wordpress\/plugins\/seo\/ -->\n<title>\u00c9cole Formation Danse ~ Spec-Tech TV<\/title>\n<meta name=\"robots\" content=\"index, follow, max-snippet:-1, max-image-preview:large, max-video-preview:-1\" \/>\n<link rel=\"canonical\" href=\"https:\/\/testmichel.h3berg.info\/?product=ecole-formation-danse\" \/>\n<meta property=\"og:locale\" content=\"fr_CA\" \/>\n<meta property=\"og:type\" content=\"article\" \/>\n<meta property=\"og:title\" content=\"\u00c9cole Formation Danse ~ Spec-Tech TV\" \/>\n<meta property=\"og:description\" content=\"L\u2019\u00c9cole Formation Danse vous offre un spectacle regroupant des chor\u00e9graphies apprises tout au long de l\u2019ann\u00e9e. Jazz urbain, hip-hop, ballet, danse cr\u00e9ative, contemporain et breakdance sont \u00e0 l\u2019honneur.\" \/>\n<meta property=\"og:url\" content=\"https:\/\/testmichel.h3berg.info\/?product=ecole-formation-danse\" \/>\n<meta property=\"og:site_name\" content=\"Spec-Tech TV\" \/>\n<meta property=\"article:modified_time\" content=\"2021-05-05T16:09:33+00:00\" \/>\n<meta property=\"og:image\" content=\"https:\/\/spec-tech.tv\/wp-content\/uploads\/2021\/05\/FormationDanse.png\" \/>\n\t<meta property=\"og:image:width\" content=\"600\" \/>\n\t<meta property=\"og:image:height\" content=\"600\" \/>\n<meta name=\"twitter:card\" content=\"summary_large_image\" \/>\n<script type=\"application\/ld+json\" class=\"yoast-schema-graph\">{\"@context\":\"https:\/\/schema.org\",\"@graph\":[{\"@type\":\"Organization\",\"@id\":\"https:\/\/testmichel.h3berg.info\/#organization\",\"name\":\"Spec-Tech TV\",\"url\":\"https:\/\/testmichel.h3berg.info\/\",\"sameAs\":[],\"logo\":{\"@type\":\"ImageObject\",\"@id\":\"https:\/\/testmichel.h3berg.info\/#logo\",\"inLanguage\":\"fr-CA\",\"url\":\"https:\/\/spec-tech.tv\/wp-content\/uploads\/2020\/11\/LogoBig.png\",\"contentUrl\":\"https:\/\/spec-tech.tv\/wp-content\/uploads\/2020\/11\/LogoBig.png\",\"width\":700,\"height\":122,\"caption\":\"Spec-Tech TV\"},\"image\":{\"@id\":\"https:\/\/testmichel.h3berg.info\/#logo\"}},{\"@type\":\"WebSite\",\"@id\":\"https:\/\/testmichel.h3berg.info\/#website\",\"url\":\"https:\/\/testmichel.h3berg.info\/\",\"name\":\"Spec-Tech TV\",\"description\":\"Les Arts Vivants, Partout, Chez Vous...\",\"publisher\":{\"@id\":\"https:\/\/testmichel.h3berg.info\/#organization\"},\"potentialAction\":[{\"@type\":\"SearchAction\",\"target\":\"https:\/\/testmichel.h3berg.info\/?s={search_term_string}\",\"query-input\":\"required name=search_term_string\"}],\"inLanguage\":\"fr-CA\"},{\"@type\":\"ImageObject\",\"@id\":\"https:\/\/testmichel.h3berg.info\/?product=ecole-formation-danse#primaryimage\",\"inLanguage\":\"fr-CA\",\"url\":\"https:\/\/testmichel.h3berg.info\/wp-content\/uploads\/2021\/05\/FormationDanse.png\",\"contentUrl\":\"https:\/\/testmichel.h3berg.info\/wp-content\/uploads\/2021\/05\/FormationDanse.png\",\"width\":600,\"height\":600},{\"@type\":\"WebPage\",\"@id\":\"https:\/\/testmichel.h3berg.info\/?product=ecole-formation-danse#webpage\",\"url\":\"https:\/\/testmichel.h3berg.info\/?product=ecole-formation-danse\",\"name\":\"\\u00c9cole Formation Danse ~ Spec-Tech TV\",\"isPartOf\":{\"@id\":\"https:\/\/testmichel.h3berg.info\/#website\"},\"primaryImageOfPage\":{\"@id\":\"https:\/\/testmichel.h3berg.info\/?product=ecole-formation-danse#primaryimage\"},\"datePublished\":\"2021-05-04T17:09:20+00:00\",\"dateModified\":\"2021-05-05T16:09:33+00:00\",\"breadcrumb\":{\"@id\":\"https:\/\/testmichel.h3berg.info\/?product=ecole-formation-danse#breadcrumb\"},\"inLanguage\":\"fr-CA\",\"potentialAction\":[{\"@type\":\"ReadAction\",\"target\":[\"https:\/\/testmichel.h3berg.info\/?product=ecole-formation-danse\"]}]},{\"@type\":\"BreadcrumbList\",\"@id\":\"https:\/\/testmichel.h3berg.info\/?product=ecole-formation-danse#breadcrumb\",\"itemListElement\":[{\"@type\":\"ListItem\",\"position\":1,\"item\":{\"@type\":\"WebPage\",\"@id\":\"https:\/\/testmichel.h3berg.info\/\",\"url\":\"https:\/\/testmichel.h3berg.info\/\",\"name\":\"Accueil\"}},{\"@type\":\"ListItem\",\"position\":2,\"item\":{\"@type\":\"WebPage\",\"@id\":\"https:\/\/testmichel.h3berg.info\/?page_id=6\",\"url\":\"https:\/\/testmichel.h3berg.info\/?page_id=6\",\"name\":\"Boutique\"}},{\"@type\":\"ListItem\",\"position\":3,\"item\":{\"@id\":\"https:\/\/testmichel.h3berg.info\/?product=ecole-formation-danse#webpage\"}}]}]}<\/script>\n<!-- \/ Yoast SEO plugin. -->","_links":{"self":[{"href":"https:\/\/testmichel.h3berg.info\/index.php?rest_route=\/wp\/v2\/product\/3139"}],"collection":[{"href":"https:\/\/testmichel.h3berg.info\/index.php?rest_route=\/wp\/v2\/product"}],"about":[{"href":"https:\/\/testmichel.h3berg.info\/index.php?rest_route=\/wp\/v2\/types\/product"}],"version-history":[{"count":0,"href":"https:\/\/testmichel.h3berg.info\/index.php?rest_route=\/wp\/v2\/product\/3139\/revisions"}],"wp:featuredmedia":[{"embeddable":true,"href":"https:\/\/testmichel.h3berg.info\/index.php?rest_route=\/wp\/v2\/media\/3140"}],"wp:attachment":[{"href":"https:\/\/testmichel.h3berg.info\/index.php?rest_route=%2Fwp%2Fv2%2Fmedia&parent=3139"}],"curies":[{"name":"wp","href":"https:\/\/api.w.org\/{rel}","templated":true}]}}